{"id":9,"date":"2022-05-08T16:30:27","date_gmt":"2022-05-08T14:30:27","guid":{"rendered":"https:\/\/www.haus-waldesruh.cc\/?page_id=9"},"modified":"2023-03-09T08:19:42","modified_gmt":"2023-03-09T07:19:42","slug":"home-waldesruh","status":"publish","type":"page","link":"https:\/\/www.haus-waldesruh.cc\/","title":{"rendered":"Home"},"content":{"rendered":"\n<p>Unser Haus befindet sich in ruhiger, ebener Lage ca. 2km vom Ortszentrum Tschagguns entfernt.<\/p>\n\n\n\n<p>Es grenzt auch direkt an die 9-Loch-Golfanlage, wo Sie vom Balkon oder der Terrasse aus zuschauen k\u00f6nnen. Es sind auch jederzeit Schnupperkurse m\u00f6glich. Wenn Sie Mitglied in einem Golfclub sind, k\u00f6nnen Sie auch gegen Greenfee spielen.<\/p>\n\n\n\n<p>In unmittelbarer N\u00e4he befindet sich die Ill, der Hauptfluss des Montafon. Dort k\u00f6nnen Sie walken, joggen, Rad fahren, gem\u00fctlich spazieren, fischen oder einfach nur das Rauschen des Baches genie\u00dfen. Der Aktivpark Montafon ist ca. 15-20 Gehminuten entfernt. Im Sommer finden Sie dort das Freibad Montafon, im Winter k\u00f6nnen Sie dort Eislaufen oder Eisstockschie\u00dfen. Von unserem Haus aus k\u00f6nnen Sie auch verschiedene Wanderwege anstreben.<\/p>\n\n\n\n<p>Direkt vor unserem Haus befindet sich die Langlaufloipe:<\/p>\n\n\n\n<p><strong>Tschagguns &#8211; &#8222;Zelfa&#8220;<\/strong> &#8211; leichte Runde taleinw\u00e4rts der Ill entlang mit kleineren Steigungen ohne gr\u00f6\u00dfere Schwierigkeiten im klassischen und skating Stil &#8211; <strong>L\u00e4nge ca. 3,6km<\/strong><\/p>\n\n\n\n<p>Von dort haben Sie Anschluss zu einer weiteren Langlaufloipe:<\/p>\n\n\n\n<p><strong>Schruns &#8211; &#8222;Schruser Feld&#8220;<\/strong> &#8211; leichte flache Runde ohne gr\u00f6\u00dfere Schwierigkeiten im klassischen und skating Stil &#8211; <strong>L\u00e4nge ca. 2,9km<\/strong><\/p>\n\n\n\n<p>Wir haben Nichtraucherzimmer. Alle Zimmer verf\u00fcgen \u00fcber einen Balkon mit kleinen &#8222;Bistrotischen&#8220;, wo Sie gem\u00fctlich sitzen und die wundersch\u00f6ne Aussicht auf die Berge genie\u00dfen k\u00f6nnen. Das Rauchen ist auf dem Balkon erlaubt. Unsere Sonnenterrasse l\u00e4dt zum gem\u00fctlichen Verweilen ein. F\u00fcr Ski- und Wanderausr\u00fcstung finden Sie Platz im Trockenraum. Es sind gen\u00fcgend Parkpl\u00e4tze vorhanden. <\/p>\n\n\n\n<p>Sie erreichen zu jeder Jahreszeit problemlos alle umliegenden Bergbahnen und sonstige Freizeiteinrichtungen in k\u00fcrzester Zeit. Die Bushaltestelle befindet sich zwei Gehminuten vom Haus entfernt.<\/p>\n\n\n\n<p>Nach einem ereignisreichen Urlaubstag k\u00f6nnen Sie sich in unserem Aufenthaltsraum einen gem\u00fctlichen Abend machen. Getr\u00e4nke (gegen Geb\u00fchr) und verschiedene Spiele sind vorhanden.<\/p>\n","protected":false},"excerpt":{"rendered":"<p>Unser Haus befindet sich in ruhiger, ebener Lage ca. 2km vom Ortszentrum Tschagguns entfernt. Es grenzt auch direkt an die 9-Loch-Golfanlage, wo Sie vom Balkon oder der Terrasse aus zuschauen k\u00f6nnen. Es sind auch jederzeit Schnupperkurse m\u00f6glich. Wenn Sie Mitglied in einem Golfclub sind, k\u00f6nnen Sie auch gegen Greenfee spielen. [&hellip;]<\/p>\n","protected":false},"author":1,"featured_media":86,"parent":0,"menu_order":0,"comment_status":"closed","ping_status":"closed","template":"","meta":{"footnotes":""},"class_list":["post-9","page","type-page","status-publish","has-post-thumbnail","hentry"],"_links":{"self":[{"href":"https:\/\/www.haus-waldesruh.cc\/index.php?rest_route=\/wp\/v2\/pages\/9","targetHints":{"allow":["GET"]}}],"collection":[{"href":"https:\/\/www.haus-waldesruh.cc\/index.php?rest_route=\/wp\/v2\/pages"}],"about":[{"href":"https:\/\/www.haus-waldesruh.cc\/index.php?rest_route=\/wp\/v2\/types\/page"}],"author":[{"embeddable":true,"href":"https:\/\/www.haus-waldesruh.cc\/index.php?rest_route=\/wp\/v2\/users\/1"}],"replies":[{"embeddable":true,"href":"https:\/\/www.haus-waldesruh.cc\/index.php?rest_route=%2Fwp%2Fv2%2Fcomments&post=9"}],"version-history":[{"count":2,"href":"https:\/\/www.haus-waldesruh.cc\/index.php?rest_route=\/wp\/v2\/pages\/9\/revisions"}],"predecessor-version":[{"id":29,"href":"https:\/\/www.haus-waldesruh.cc\/index.php?rest_route=\/wp\/v2\/pages\/9\/revisions\/29"}],"wp:featuredmedia":[{"embeddable":true,"href":"https:\/\/www.haus-waldesruh.cc\/index.php?rest_route=\/wp\/v2\/media\/86"}],"wp:attachment":[{"href":"https:\/\/www.haus-waldesruh.cc\/index.php?rest_route=%2Fwp%2Fv2%2Fmedia&parent=9"}],"curies":[{"name":"wp","href":"https:\/\/api.w.org\/{rel}","templated":true}]}}